{"id":2673,"date":"2025-01-24T13:06:08","date_gmt":"2025-01-24T12:06:08","guid":{"rendered":"https:\/\/giovannarinaldi.com\/?page_id=2673"},"modified":"2026-03-03T11:33:10","modified_gmt":"2026-03-03T10:33:10","slug":"ueber-mich","status":"publish","type":"page","link":"https:\/\/giovannarinaldi.com\/home\/ueber-mich\/","title":{"rendered":"\u00dcber mich"},"content":{"rendered":"<p>[et_pb_section fb_built=&#8220;1&#8243; next_background_color=&#8220;#D3F2FF&#8220; admin_label=&#8220;Hero Section&#8220; _builder_version=&#8220;4.27.3&#8243; use_background_color_gradient=&#8220;on&#8220; background_color_gradient_stops=&#8220;rgba(0,0,0,0.4) 0%|rgba(0,0,0,0.4) 100%&#8220; background_color_gradient_overlays_image=&#8220;on&#8220; background_color_gradient_start=&#8220;rgba(0,0,0,0.4)&#8220; background_color_gradient_end=&#8220;rgba(0,0,0,0.4)&#8220; background_image=&#8220;https:\/\/giovannarinaldi.com\/wp-content\/uploads\/2024\/03\/lente_1516-1-scaled.jpg&#8220; background_position=&#8220;center_right&#8220; custom_padding=&#8220;6%||6%|&#8220; bottom_divider_style=&#8220;slant&#8220; bottom_divider_height=&#8220;60px&#8220; global_colors_info=&#8220;{}&#8220; background_color_gradient_direction__hover=&#8220;180deg&#8220; background_color_gradient_direction__hover_enabled=&#8220;180deg&#8220; background_color_gradient_start_position__hover=&#8220;0%&#8220; background_color_gradient_start_position__hover_enabled=&#8220;0%&#8220; background_color_gradient_end_position__hover=&#8220;100%&#8220; background_color_gradient_end_position__hover_enabled=&#8220;100%&#8220; background_color_gradient_stops__hover=&#8220;rgba(0,0,0,0.4) 0%|rgba(0,0,0,0.4) 100%&#8220;][et_pb_row admin_label=&#8220;Page Title Area&#8220; _builder_version=&#8220;4.16&#8243; global_colors_info=&#8220;{}&#8220;][et_pb_column type=&#8220;4_4&#8243; _builder_version=&#8220;4.16&#8243; custom_padding=&#8220;|||&#8220; global_colors_info=&#8220;{}&#8220; custom_padding__hover=&#8220;|||&#8220;][et_pb_text admin_label=&#8220;Hero Section Title&#8220; _builder_version=&#8220;4.27.4&#8243; text_font=&#8220;Montserrat||||||||&#8220; text_font_size=&#8220;27px&#8220; text_line_height=&#8220;1.8em&#8220; header_font=&#8220;Montserrat|600||on|||||&#8220; header_font_size=&#8220;48px&#8220; header_letter_spacing=&#8220;3px&#8220; header_line_height=&#8220;1.3em&#8220; header_2_font=&#8220;Montserrat|700|||||||&#8220; header_2_text_color=&#8220;rgba(255,255,255,0.6)&#8220; header_2_font_size=&#8220;90px&#8220; header_2_letter_spacing=&#8220;3px&#8220; header_2_line_height=&#8220;1.1em&#8220; text_orientation=&#8220;center&#8220; background_layout=&#8220;dark&#8220; max_width=&#8220;700px&#8220; module_alignment=&#8220;center&#8220; custom_margin=&#8220;|||&#8220; animation_style=&#8220;fade&#8220; animation_direction=&#8220;bottom&#8220; text_font_size_tablet=&#8220;27px&#8220; text_font_size_phone=&#8220;27px&#8220; text_font_size_last_edited=&#8220;on|desktop&#8220; header_font_size_tablet=&#8220;&#8220; header_font_size_phone=&#8220;28px&#8220; header_font_size_last_edited=&#8220;on|phone&#8220; header_2_font_size_tablet=&#8220;&#8220; header_2_font_size_phone=&#8220;50px&#8220; header_2_font_size_last_edited=&#8220;on|phone&#8220; global_colors_info=&#8220;{}&#8220;]<\/p>\n<h1>\u00dcber mich:<\/h1>\n<p>Aus- und Weiterbildung, Erfahrung, Philosophie<\/p>\n<p>&nbsp;<\/p>\n<p>[\/et_pb_text][\/et_pb_column][\/et_pb_row][\/et_pb_section][et_pb_section fb_built=&#8220;1&#8243; admin_label=&#8220;FAQ Section&#8220; _builder_version=&#8220;4.27.3&#8243; background_color=&#8220;#D3F2FF&#8220; custom_padding=&#8220;90px||90px|&#8220; global_colors_info=&#8220;{}&#8220;][et_pb_row admin_label=&#8220;FAQ&#8220; _builder_version=&#8220;4.16&#8243; max_width=&#8220;900px&#8220; use_custom_width=&#8220;on&#8220; custom_width_px=&#8220;900px&#8220; global_colors_info=&#8220;{}&#8220;][et_pb_column type=&#8220;4_4&#8243; _builder_version=&#8220;4.16&#8243; custom_padding=&#8220;|||&#8220; global_colors_info=&#8220;{}&#8220; custom_padding__hover=&#8220;|||&#8220;][et_pb_accordion open_toggle_background_color=&#8220;gcid-1c7f682d-c09a-42e9-8b1c-535ba676533f&#8220; closed_toggle_background_color=&#8220;gcid-7ea3f21c-361b-4152-a8de-09de2d3ed232&#8243; icon_color=&#8220;gcid-7a02f245-10cf-4ba2-ac73-385345b5f54a&#8220; use_icon_font_size=&#8220;on&#8220; icon_font_size=&#8220;35px&#8220; _builder_version=&#8220;4.27.4&#8243; toggle_text_color=&#8220;#333333&#8243; toggle_font=&#8220;Montserrat||||||||&#8220; toggle_font_size=&#8220;25px&#8220; toggle_line_height=&#8220;1.5em&#8220; body_font=&#8220;||||||||&#8220; body_font_size=&#8220;18px&#8220; body_line_height=&#8220;1.8em&#8220; background_color=&#8220;#F9F6F1&#8243; border_style_all=&#8220;none&#8220; global_colors_info=&#8220;{%22gcid-7a02f245-10cf-4ba2-ac73-385345b5f54a%22:%91%22icon_color%22%93,%22gcid-1c7f682d-c09a-42e9-8b1c-535ba676533f%22:%91%22open_toggle_background_color%22%93,%22gcid-7ea3f21c-361b-4152-a8de-09de2d3ed232%22:%91%22closed_toggle_background_color%22%93}&#8220;][et_pb_accordion_item title=&#8220;Klassisch-humanistische Schulbildung in Italien: &#8220; _builder_version=&#8220;4.27.4&#8243; global_colors_info=&#8220;{}&#8220; open=&#8220;on&#8220;]<\/p>\n<p>Ich bin in Italien aufgewachsen und zur Schule gegangen &#8211; genauer gesagt im wundersch\u00f6nen Venetien. Meine Zeit am klassisch-humanistischen Gymnasium beeinflusst meine Arbeit noch heute sehr stark.<\/p>\n<p>[\/et_pb_accordion_item][et_pb_accordion_item title=&#8220;Studium der klassichen Philologie, Linguistik, Romanistik und Germanistik in Italien und \u00d6sterreich:&#8220; _builder_version=&#8220;4.27.4&#8243; global_colors_info=&#8220;{}&#8220; open=&#8220;off&#8220;]<\/p>\n<p>Zentrale Aspekte meines Studiums waren der Ursprung und Wandel der Sprachen, deren Gemeinsamkeiten und Unterschiede.<\/p>\n<p>[\/et_pb_accordion_item][et_pb_accordion_item title=&#8220;Expertenzertifikat Revision nach ISO 17100:&#8220; _builder_version=&#8220;4.27.4&#8243; global_colors_info=&#8220;{}&#8220; open=&#8220;off&#8220;]<\/p>\n<p>Ich spezialisiere mich seit dem Start meiner T\u00e4tigkeit als Sprachdienstleisterin kontinuierlich auf Revision, Terminologiemanagement und Rechtssprache.<\/p>\n<p>[\/et_pb_accordion_item][et_pb_accordion_item title=&#8220;DTT-Terminologiezertifikat &#8220; _builder_version=&#8220;4.27.4&#8243; global_colors_info=&#8220;{}&#8220; open=&#8220;off&#8220;]<\/p>\n<p>Durch meine Teilnahme an spezialisierten Fortbildungen zur Terminologie qualifizierte ich mich f\u00fcr das DTT-Terminologiezertifikat und erwarb dieses erfolgreich.<\/p>\n<p>[\/et_pb_accordion_item][et_pb_accordion_item title=&#8220;Ordentliches Mitglied im BD\u00dc und DTT e.V.:&#8220; _builder_version=&#8220;4.27.4&#8243; _module_preset=&#8220;default&#8220; global_colors_info=&#8220;{}&#8220; open=&#8220;off&#8220;]<\/p>\n<p>Durch meine Mitgliedschaft im Bundesverband der Dolmetscher und \u00dcbersetzer (BD\u00dc) und im Deutschen Terminologie-Verband bleibe ich \u00fcber Fortbildungen und Branchentrends informiert und pflege ein Netzwerk mit erfahrenen Fachkollegen.<\/p>\n<p>[\/et_pb_accordion_item][et_pb_accordion_item title=&#8220;Mitarbeit an der Universit\u00e4t Innsbruck:&#8220; _builder_version=&#8220;4.27.4&#8243; _module_preset=&#8220;default&#8220; global_colors_info=&#8220;{}&#8220; open=&#8220;off&#8220;]<\/p>\n<p>Nach meinem erfolgreichen Studienabschluss absolvierte ich am Institut f\u00fcr Romanistik eine akademische Weiterbildung mit den Schwerpunkten Terminologie-Extraktion und -Recherche.<\/p>\n<p>[\/et_pb_accordion_item][et_pb_accordion_item title=&#8220;Bei der Tiroler Sparkasse Innsbruck:&#8220; open=&#8220;off&#8220; _builder_version=&#8220;4.27.4&#8243; _module_preset=&#8220;default&#8220; global_colors_info=&#8220;{}&#8220;]<\/p>\n<p>In den zwei Jahren vor meiner Selbstst\u00e4ndigkeit als Sprachdienstleisterin arbeitete ich als \u00dcbersetzerin und Sachbearbeiterin bei der Tiroler Sparkasse Innsbruck, wo ich wertvolle Erfahrungen sammelte.<\/p>\n<p>[\/et_pb_accordion_item][et_pb_accordion_item title=&#8220;Sprachunterricht:&#8220; _builder_version=&#8220;4.27.4&#8243; _module_preset=&#8220;default&#8220; global_colors_info=&#8220;{}&#8220; open=&#8220;off&#8220;]<\/p>\n<p>Als Sprachtrainerin f\u00fcr Italienisch unterrichtete ich \u00fcber viele Jahre an den folgenden Weiterbildungseinrichtungen und Schulen: WIFI Tirol, Italienisches Kulturinstitut Tirol, Waldorfschule Innsbruck, Berlitz Innsbruck<\/p>\n<p>[\/et_pb_accordion_item][et_pb_accordion_item title=&#8220;Italienisch f\u00fcr die Schweiz:&#8220; _builder_version=&#8220;4.27.4&#8243; _module_preset=&#8220;default&#8220; global_colors_info=&#8220;{}&#8220; open=&#8220;off&#8220;]<\/p>\n<p>Als erfahrene \u00dcbersetzerin und Revisorin bin ich seit 25 Jahren f\u00fcr den Schweizer Markt t\u00e4tig.<\/p>\n<p>[\/et_pb_accordion_item][\/et_pb_accordion][\/et_pb_column][\/et_pb_row][\/et_pb_section][et_pb_section fb_built=&#8220;1&#8243; fullwidth=&#8220;on&#8220; _builder_version=&#8220;4.16&#8243; background_color=&#8220;#f7f7f7&#8243; global_colors_info=&#8220;{}&#8220;][et_pb_fullwidth_header title=&#8220;Meine Philosophie&#8220; subhead=&#8220;in 4 Worten&#8220; text_orientation=&#8220;center&#8220; content_max_width=&#8220;none&#8220; _builder_version=&#8220;4.27.4&#8243; title_font_size=&#8220;53px&#8220; subhead_font_size=&#8220;24px&#8220; background_color=&#8220;gcid-1c7f682d-c09a-42e9-8b1c-535ba676533f&#8220; background_layout=&#8220;light&#8220; global_colors_info=&#8220;{%22gcid-1c7f682d-c09a-42e9-8b1c-535ba676533f%22:%91%22background_color%22%93}&#8220; button_one_text_size__hover_enabled=&#8220;off&#8220; button_two_text_size__hover_enabled=&#8220;off&#8220; button_one_text_color__hover_enabled=&#8220;off&#8220; button_two_text_color__hover_enabled=&#8220;off&#8220; button_one_border_width__hover_enabled=&#8220;off&#8220; button_two_border_width__hover_enabled=&#8220;off&#8220; button_one_border_color__hover_enabled=&#8220;off&#8220; button_two_border_color__hover_enabled=&#8220;off&#8220; button_one_border_radius__hover_enabled=&#8220;off&#8220; button_two_border_radius__hover_enabled=&#8220;off&#8220; button_one_letter_spacing__hover_enabled=&#8220;off&#8220; button_two_letter_spacing__hover_enabled=&#8220;off&#8220; button_one_bg_color__hover_enabled=&#8220;off&#8220; button_two_bg_color__hover_enabled=&#8220;off&#8220;][\/et_pb_fullwidth_header][\/et_pb_section][et_pb_section fb_built=&#8220;1&#8243; _builder_version=&#8220;4.27.4&#8243; background_color=&#8220;gcid-1c7f682d-c09a-42e9-8b1c-535ba676533f&#8220; global_colors_info=&#8220;{%22gcid-1c7f682d-c09a-42e9-8b1c-535ba676533f%22:%91%22background_color%22%93}&#8220;][et_pb_row column_structure=&#8220;1_4,1_4,1_4,1_4&#8243; _builder_version=&#8220;4.16&#8243; background_size=&#8220;initial&#8220; background_position=&#8220;top_left&#8220; background_repeat=&#8220;repeat&#8220; global_colors_info=&#8220;{}&#8220;][et_pb_column type=&#8220;1_4&#8243; _builder_version=&#8220;4.16&#8243; custom_padding=&#8220;|||&#8220; global_colors_info=&#8220;{}&#8220; custom_padding__hover=&#8220;|||&#8220;][et_pb_blurb title=&#8220;Erfahrung&#8220; use_icon=&#8220;on&#8220; font_icon=&#8220;&#xe0e1;||divi||400&#8243; icon_color=&#8220;#2ea3f2&#8243; image_icon_background_color=&#8220;#ffffff&#8220; image_icon_width=&#8220;48px&#8220; _builder_version=&#8220;4.27.4&#8243; background_size=&#8220;initial&#8220; background_position=&#8220;top_left&#8220; background_repeat=&#8220;repeat&#8220; image_icon_custom_padding=&#8220;25px|25px|25px|25px|false|false&#8220; text_orientation=&#8220;center&#8220; border_radii_image=&#8220;on|100%|100%|100%|100%&#8220; border_width_all_image=&#8220;3px&#8220; border_color_all_image=&#8220;#f7f7f7&#8243; image_max_width=&#8220;none&#8220; use_circle=&#8220;on&#8220; use_circle_border=&#8220;on&#8220; circle_border_color=&#8220;#f7f7f7&#8243; circle_color=&#8220;#ffffff&#8220; global_colors_info=&#8220;{}&#8220; image_icon_background_color__sticky_enabled=&#8220;#000000&#8243; image_icon_background_color__sticky=&#8220;#000000&#8243;]<\/p>\n<p>Man lernt st\u00e4ndig dazu.<br \/>Ausbildung und Spezialisierung sind wichtig, aber Fehler lehren uns mehr. Aus der Praxis und den Fehlern w\u00e4chst Erfahrung.<\/p>\n<p>[\/et_pb_blurb][\/et_pb_column][et_pb_column type=&#8220;1_4&#8243; _builder_version=&#8220;4.16&#8243; custom_padding=&#8220;|||&#8220; global_colors_info=&#8220;{}&#8220; custom_padding__hover=&#8220;|||&#8220;][et_pb_blurb title=&#8220;Entwicklung&#8220; use_icon=&#8220;on&#8220; font_icon=&#8220;&#x24;||divi||400&#8243; icon_color=&#8220;#2ea3f2&#8243; image_icon_background_color=&#8220;#ffffff&#8220; image_icon_width=&#8220;48px&#8220; _builder_version=&#8220;4.27.4&#8243; background_size=&#8220;initial&#8220; background_position=&#8220;top_left&#8220; background_repeat=&#8220;repeat&#8220; image_icon_custom_padding=&#8220;25px|25px|25px|25px|false|false&#8220; text_orientation=&#8220;center&#8220; border_radii_image=&#8220;on|100%|100%|100%|100%&#8220; border_width_all_image=&#8220;3px&#8220; border_color_all_image=&#8220;#f7f7f7&#8243; image_max_width=&#8220;none&#8220; use_circle=&#8220;on&#8220; use_circle_border=&#8220;on&#8220; circle_border_color=&#8220;#f7f7f7&#8243; circle_color=&#8220;#ffffff&#8220; global_colors_info=&#8220;{}&#8220; image_icon_background_color__sticky_enabled=&#8220;#000000&#8243; image_icon_background_color__sticky=&#8220;#000000&#8243;]<\/p>\n<p>Ich begegne neuen Technologien wie der maschinellen \u00dcbersetzung mit Offenheit und konzentriere mich darauf, ihre Vorteile optimal einzusetzen. Jede technische Entwicklung entspringt konkreten Anforderungen &#8211; diese Tatsache akzeptiere ich als Teil meines beruflichen Weges.<\/p>\n<p>[\/et_pb_blurb][\/et_pb_column][et_pb_column type=&#8220;1_4&#8243; _builder_version=&#8220;4.16&#8243; custom_padding=&#8220;|||&#8220; global_colors_info=&#8220;{}&#8220; custom_padding__hover=&#8220;|||&#8220;][et_pb_blurb title=&#8220;Revision&#8220; use_icon=&#8220;on&#8220; font_icon=&#8220;&#xe101;||divi||400&#8243; icon_color=&#8220;#2ea3f2&#8243; image_icon_background_color=&#8220;#ffffff&#8220; image_icon_width=&#8220;48px&#8220; _builder_version=&#8220;4.27.4&#8243; background_size=&#8220;initial&#8220; background_position=&#8220;top_left&#8220; background_repeat=&#8220;repeat&#8220; image_icon_custom_padding=&#8220;25px|25px|25px|25px|false|false&#8220; text_orientation=&#8220;center&#8220; border_radii_image=&#8220;on|100%|100%|100%|100%&#8220; border_width_all_image=&#8220;3px&#8220; border_color_all_image=&#8220;#f7f7f7&#8243; use_circle=&#8220;on&#8220; use_circle_border=&#8220;on&#8220; circle_border_color=&#8220;#f7f7f7&#8243; circle_color=&#8220;#ffffff&#8220; global_colors_info=&#8220;{}&#8220; image_icon_background_color__sticky_enabled=&#8220;#000000&#8243; image_icon_background_color__sticky=&#8220;#000000&#8243;]<\/p>\n<p>Wenn ich einen Text revidiere, will ich vor allem verhindern, dass etwas Wichtiges fehlt &#8211; ich m\u00f6chte ihn nicht umschreiben. Ich \u00fcberpr\u00fcfe den Text, damit Sie sich auf seine Qualit\u00e4t verlassen k\u00f6nnen. Dabei sch\u00e4tze und respektiere ich nat\u00fcrlich all die Arbeit, die bereits in den Text geflossen ist.<\/p>\n<p>[\/et_pb_blurb][\/et_pb_column][et_pb_column type=&#8220;1_4&#8243; _builder_version=&#8220;4.16&#8243; custom_padding=&#8220;|||&#8220; global_colors_info=&#8220;{}&#8220; custom_padding__hover=&#8220;|||&#8220;][et_pb_blurb title=&#8220;Preis&#8220; use_icon=&#8220;on&#8220; font_icon=&#8220;&#xf153;||fa||900&#8243; icon_color=&#8220;#2ea3f2&#8243; image_icon_background_color=&#8220;#ffffff&#8220; image_icon_width=&#8220;48px&#8220; _builder_version=&#8220;4.27.4&#8243; background_size=&#8220;initial&#8220; background_position=&#8220;top_left&#8220; background_repeat=&#8220;repeat&#8220; image_icon_custom_padding=&#8220;25px|25px|25px|25px|false|false&#8220; text_orientation=&#8220;center&#8220; border_radii_image=&#8220;on|100%|100%|100%|100%&#8220; border_width_all_image=&#8220;3px&#8220; border_color_all_image=&#8220;#f7f7f7&#8243; image_max_width=&#8220;none&#8220; use_circle=&#8220;on&#8220; use_circle_border=&#8220;on&#8220; circle_border_color=&#8220;#f7f7f7&#8243; circle_color=&#8220;#ffffff&#8220; global_colors_info=&#8220;{}&#8220; image_icon_background_color__sticky_enabled=&#8220;#000000&#8243; image_icon_background_color__sticky=&#8220;#000000&#8243;]<\/p>\n<p>Als Sprachdiensleisterin arbeite ich jeden Tag professionell und lebe von meiner Arbeit &#8211; das ist mein Beruf und kein Hobby. Gleichzeitig verstehe ich nat\u00fcrlich auch meine Kundinnen und Kunden, die ihre Rechnungen bezahlen m\u00fcssen. Deshalb finden wir gemeinsam einen fairen Preis, der f\u00fcr beide Seiten gut passt.<\/p>\n<p>[\/et_pb_blurb][\/et_pb_column][\/et_pb_row][\/et_pb_section][et_pb_section fb_built=&#8220;1&#8243; admin_label=&#8220;CTA Section&#8220; _builder_version=&#8220;4.27.4&#8243; background_image=&#8220;https:\/\/giovannarinaldi.com\/wp-content\/uploads\/2024\/11\/IMG_1070.jpeg&#8220; parallax=&#8220;on&#8220; custom_padding=&#8220;249px||250px|&#8220; global_colors_info=&#8220;{}&#8220;][et_pb_row admin_label=&#8220;CTA Area&#8220; _builder_version=&#8220;4.16&#8243; locked=&#8220;off&#8220; global_colors_info=&#8220;{}&#8220;][et_pb_column type=&#8220;4_4&#8243; _builder_version=&#8220;4.16&#8243; custom_padding=&#8220;|||&#8220; global_colors_info=&#8220;{}&#8220; custom_padding__hover=&#8220;|||&#8220;][et_pb_text _builder_version=&#8220;4.27.4&#8243; text_font=&#8220;Montserrat||||||||&#8220; text_font_size=&#8220;48px&#8220; text_line_height=&#8220;1.5em&#8220; text_orientation=&#8220;center&#8220; background_layout=&#8220;dark&#8220; module_alignment=&#8220;center&#8220; custom_padding=&#8220;||20px|&#8220; animation_style=&#8220;flip&#8220; animation_intensity_flip=&#8220;20%&#8220; animation_starting_opacity=&#8220;200%&#8220; global_colors_info=&#8220;{}&#8220;]<\/p>\n<p>Sie haben eine Frage oder eine spannende Projektidee f\u00fcr mich? Melden Sie sich einfach!<\/p>\n<p>[\/et_pb_text][\/et_pb_column][\/et_pb_row][et_pb_row _builder_version=&#8220;4.27.4&#8243; _module_preset=&#8220;default&#8220; global_colors_info=&#8220;{}&#8220;][et_pb_column type=&#8220;4_4&#8243; _builder_version=&#8220;4.27.4&#8243; _module_preset=&#8220;default&#8220; global_colors_info=&#8220;{}&#8220;][et_pb_contact_form _builder_version=&#8220;4.27.4&#8243; _module_preset=&#8220;default&#8220; _unique_id=&#8220;33087624-0519-4d67-a523-5acab59bdf34&#8243; global_colors_info=&#8220;{}&#8220;][et_pb_contact_field field_id=&#8220;Name&#8220; field_title=&#8220;Name&#8220; _builder_version=&#8220;4.16&#8243; global_colors_info=&#8220;{}&#8220; button_text_size__hover_enabled=&#8220;off&#8220; button_one_text_size__hover_enabled=&#8220;off&#8220; button_two_text_size__hover_enabled=&#8220;off&#8220; button_text_color__hover_enabled=&#8220;off&#8220; button_one_text_color__hover_enabled=&#8220;off&#8220; button_two_text_color__hover_enabled=&#8220;off&#8220; button_border_width__hover_enabled=&#8220;off&#8220; button_one_border_width__hover_enabled=&#8220;off&#8220; button_two_border_width__hover_enabled=&#8220;off&#8220; button_border_color__hover_enabled=&#8220;off&#8220; button_one_border_color__hover_enabled=&#8220;off&#8220; button_two_border_color__hover_enabled=&#8220;off&#8220; button_border_radius__hover_enabled=&#8220;off&#8220; button_one_border_radius__hover_enabled=&#8220;off&#8220; button_two_border_radius__hover_enabled=&#8220;off&#8220; button_letter_spacing__hover_enabled=&#8220;off&#8220; button_one_letter_spacing__hover_enabled=&#8220;off&#8220; button_two_letter_spacing__hover_enabled=&#8220;off&#8220; button_bg_color__hover_enabled=&#8220;off&#8220; button_one_bg_color__hover_enabled=&#8220;off&#8220; button_two_bg_color__hover_enabled=&#8220;off&#8220;][\/et_pb_contact_field][et_pb_contact_field field_id=&#8220;Email&#8220; field_title=&#8220;E-Mail-Adresse&#8220; field_type=&#8220;email&#8220; _builder_version=&#8220;4.16&#8243; global_colors_info=&#8220;{}&#8220; button_text_size__hover_enabled=&#8220;off&#8220; button_one_text_size__hover_enabled=&#8220;off&#8220; button_two_text_size__hover_enabled=&#8220;off&#8220; button_text_color__hover_enabled=&#8220;off&#8220; button_one_text_color__hover_enabled=&#8220;off&#8220; button_two_text_color__hover_enabled=&#8220;off&#8220; button_border_width__hover_enabled=&#8220;off&#8220; button_one_border_width__hover_enabled=&#8220;off&#8220; button_two_border_width__hover_enabled=&#8220;off&#8220; button_border_color__hover_enabled=&#8220;off&#8220; button_one_border_color__hover_enabled=&#8220;off&#8220; button_two_border_color__hover_enabled=&#8220;off&#8220; button_border_radius__hover_enabled=&#8220;off&#8220; button_one_border_radius__hover_enabled=&#8220;off&#8220; button_two_border_radius__hover_enabled=&#8220;off&#8220; button_letter_spacing__hover_enabled=&#8220;off&#8220; button_one_letter_spacing__hover_enabled=&#8220;off&#8220; button_two_letter_spacing__hover_enabled=&#8220;off&#8220; button_bg_color__hover_enabled=&#8220;off&#8220; button_one_bg_color__hover_enabled=&#8220;off&#8220; button_two_bg_color__hover_enabled=&#8220;off&#8220;][\/et_pb_contact_field][et_pb_contact_field field_id=&#8220;Message&#8220; field_title=&#8220;Nachricht&#8220; field_type=&#8220;text&#8220; fullwidth_field=&#8220;on&#8220; _builder_version=&#8220;4.16&#8243; global_colors_info=&#8220;{}&#8220; button_text_size__hover_enabled=&#8220;off&#8220; button_one_text_size__hover_enabled=&#8220;off&#8220; button_two_text_size__hover_enabled=&#8220;off&#8220; button_text_color__hover_enabled=&#8220;off&#8220; button_one_text_color__hover_enabled=&#8220;off&#8220; button_two_text_color__hover_enabled=&#8220;off&#8220; button_border_width__hover_enabled=&#8220;off&#8220; button_one_border_width__hover_enabled=&#8220;off&#8220; button_two_border_width__hover_enabled=&#8220;off&#8220; button_border_color__hover_enabled=&#8220;off&#8220; button_one_border_color__hover_enabled=&#8220;off&#8220; button_two_border_color__hover_enabled=&#8220;off&#8220; button_border_radius__hover_enabled=&#8220;off&#8220; button_one_border_radius__hover_enabled=&#8220;off&#8220; button_two_border_radius__hover_enabled=&#8220;off&#8220; button_letter_spacing__hover_enabled=&#8220;off&#8220; button_one_letter_spacing__hover_enabled=&#8220;off&#8220; button_two_letter_spacing__hover_enabled=&#8220;off&#8220; button_bg_color__hover_enabled=&#8220;off&#8220; button_one_bg_color__hover_enabled=&#8220;off&#8220; button_two_bg_color__hover_enabled=&#8220;off&#8220;][\/et_pb_contact_field][\/et_pb_contact_form][\/et_pb_column][\/et_pb_row][\/et_pb_section][et_pb_section fb_built=&#8220;1&#8243; _builder_version=&#8220;4.17.3&#8243; background_enable_color=&#8220;off&#8220; custom_padding=&#8220;10px||10px||true|false&#8220; filter_hue_rotate=&#8220;5deg&#8220; filter_saturate=&#8220;78%&#8220; global_colors_info=&#8220;{}&#8220;][\/et_pb_section]<\/p>\n","protected":false},"excerpt":{"rendered":"<p>\u00dcber mich: Aus- und Weiterbildung, Erfahrung, Philosophie &nbsp;Ich bin in Italien aufgewachsen und zur Schule gegangen &#8211; genauer gesagt im wundersch\u00f6nen Venetien. Meine Zeit am klassisch-humanistischen Gymnasium beeinflusst meine Arbeit noch heute sehr stark.Zentrale Aspekte meines Studiums waren der Ursprung und Wandel der Sprachen, deren Gemeinsamkeiten und Unterschiede.Ich spezialisiere mich seit dem Start meiner T\u00e4tigkeit [&hellip;]<\/p>\n","protected":false},"author":3,"featured_media":0,"parent":0,"menu_order":20,"comment_status":"closed","ping_status":"closed","template":"","meta":{"_et_pb_use_builder":"on","_et_pb_old_content":"","_et_gb_content_width":"","footnotes":""},"class_list":["post-2673","page","type-page","status-publish","hentry"],"_links":{"self":[{"href":"https:\/\/giovannarinaldi.com\/home\/wp-json\/wp\/v2\/pages\/2673","targetHints":{"allow":["GET"]}}],"collection":[{"href":"https:\/\/giovannarinaldi.com\/home\/wp-json\/wp\/v2\/pages"}],"about":[{"href":"https:\/\/giovannarinaldi.com\/home\/wp-json\/wp\/v2\/types\/page"}],"author":[{"embeddable":true,"href":"https:\/\/giovannarinaldi.com\/home\/wp-json\/wp\/v2\/users\/3"}],"replies":[{"embeddable":true,"href":"https:\/\/giovannarinaldi.com\/home\/wp-json\/wp\/v2\/comments?post=2673"}],"version-history":[{"count":5,"href":"https:\/\/giovannarinaldi.com\/home\/wp-json\/wp\/v2\/pages\/2673\/revisions"}],"predecessor-version":[{"id":2927,"href":"https:\/\/giovannarinaldi.com\/home\/wp-json\/wp\/v2\/pages\/2673\/revisions\/2927"}],"wp:attachment":[{"href":"https:\/\/giovannarinaldi.com\/home\/wp-json\/wp\/v2\/media?parent=2673"}],"curies":[{"name":"wp","href":"https:\/\/api.w.org\/{rel}","templated":true}]}}